{"id":905,"date":"2017-12-07T09:16:28","date_gmt":"2017-12-07T09:16:28","guid":{"rendered":"http:\/\/demo.oceanthemes.net\/borrow\/?page_id=905"},"modified":"2018-03-19T10:39:45","modified_gmt":"2018-03-19T07:39:45","slug":"onemli-tariher","status":"publish","type":"page","link":"https:\/\/bbyt2018.atauni.edu.tr\/index.php\/onemli-tariher\/","title":{"rendered":"Onemli tariher"},"content":{"rendered":"<p>[vc_row css=&#8221;.vc_custom_1505897765213{margin-top: -20px !important;padding-top: 8px !important;padding-bottom: 28px !important;background-color: #ffffff !important;}&#8221;][vc_column][vc_empty_space][vc_empty_space][\/vc_column][\/vc_row][vc_row css=&#8221;.vc_custom_1505900289467{padding-top: 80px !important;padding-bottom: 80px !important;background-color: #ffffff !important;}&#8221;][vc_column width=&#8221;1\/4&#8243;][vc_column_text]<\/p>\n<h2 style=\"text-align: center;\"><strong>\u00d6NEML\u0130 TAR\u0130HLER<\/strong><\/h2>\n<p>[\/vc_column_text][vc_empty_space height=&#8221;70px&#8221;]  \n  <div class=\"feature feature-icon-style vc_custom_1520937684587\">\n    <div class=\"feature-icon\"><i class=\"fa fa-spinner fa-2x\"><\/i><\/div>\n    <div class=\"feature-content\">\n        <h3 class=\"feature-title\">\u00c7al\u0131\u015ftay Tarihi:<\/h3>\n        <p><strong>6-7 Eyl\u00fcl 2018<\/strong><\/p>\n    <\/div>\n  <\/div>\n\n[\/vc_column][vc_column width=&#8221;1\/4&#8243;][vc_empty_space height=&#8221;70px&#8221;][vc_empty_space height=&#8221;70px&#8221;]  \n  <div class=\"feature feature-icon-style \">\n    <div class=\"feature-icon\"><i class=\"fa fa-files-o fa-2x\"><\/i><\/div>\n    <div class=\"feature-content\">\n        <h3 class=\"feature-title\">Bildiri \u00d6zetleri \u0130lk G\u00f6nderim Tarihi<\/h3>\n        <p><strong>\u00a0<span id=\"OBJ_PREFIX_DWT126_com_zimbra_date\" class=\"Object\" role=\"link\"><span id=\"OBJ_PREFIX_DWT143_com_zimbra_date\" class=\"Object\" role=\"link\">1 Nisan 2018<\/span><\/span><\/strong><\/p>\n    <\/div>\n  <\/div>\n\n[\/vc_column][vc_column width=&#8221;1\/4&#8243;][vc_empty_space height=&#8221;70px&#8221;][vc_empty_space height=&#8221;70px&#8221;]  \n  <div class=\"feature feature-icon-style \">\n    <div class=\"feature-icon\"><i class=\"fa fa-file-text-o fa-2x\"><\/i><\/div>\n    <div class=\"feature-content\">\n        <h3 class=\"feature-title\">Bildiri \u00d6zetleri Son G\u00f6nderim Tarihi<\/h3>\n        <p><strong>\u00a0<span id=\"OBJ_PREFIX_DWT127_com_zimbra_date\" class=\"Object\" role=\"link\"><span id=\"OBJ_PREFIX_DWT144_com_zimbra_date\" class=\"Object\" role=\"link\">15 Temmuz 2018<\/span><\/span><\/strong><\/p>\n    <\/div>\n  <\/div>\n\n[\/vc_column][vc_column width=&#8221;1\/4&#8243;][vc_empty_space height=&#8221;70px&#8221;][vc_empty_space height=&#8221;70px&#8221;]  \n  <div class=\"feature feature-icon-style \">\n    <div class=\"feature-icon\"><i class=\"fa fa-check-square-o fa-2x\"><\/i><\/div>\n    <div class=\"feature-content\">\n        <h3 class=\"feature-title\">Kabul Edilen Bildirilerin Aciklanaca\u011fi Tarih: <\/h3>\n        <p><strong>1 A\u011fustos 2018<\/strong><\/p>\n    <\/div>\n  <\/div>\n\n[\/vc_column][\/vc_row][vc_row][vc_column][vc_empty_space height=&#8221;100px&#8221;][\/vc_column][\/vc_row]<\/p>\n","protected":false},"excerpt":{"rendered":"<p>[vc_row css=&#8221;.vc_custom_1505897765213{margin-top: -20px !important;padding-top: 8px !important;padding-bottom: 28px !important;background-color: #ffffff !important;}&#8221;][vc_column][vc_empty_space][vc_empty_space][\/vc_column][\/vc_row][vc_row css=&#8221;.vc_custom_1505900289467{padding-top: 80px !important;padding-bottom: 80px !important;background-color: #ffffff !important;}&#8221;][vc_column width=&#8221;1\/4&#8243;][vc_column_text] \u00d6NEML\u0130 TAR\u0130HLER [\/vc_column_text][vc_empty_space height=&#8221;70px&#8221;][\/vc_column][vc_column width=&#8221;1\/4&#8243;][vc_empty_space height=&#8221;70px&#8221;][vc_empty_space height=&#8221;70px&#8221;][\/vc_column][vc_column width=&#8221;1\/4&#8243;][vc_empty_space height=&#8221;70px&#8221;][vc_empty_space height=&#8221;70px&#8221;][\/vc_column][vc_column width=&#8221;1\/4&#8243;][vc_empty_space height=&#8221;70px&#8221;][vc_empty_space height=&#8221;70px&#8221;][\/vc_column][\/vc_row][vc_row][vc_column][vc_empty_space height=&#8221;100px&#8221;][\/vc_column][\/vc_row]<\/p>\n","protected":false},"author":1,"featured_media":0,"parent":0,"menu_order":0,"comment_status":"closed","ping_status":"closed","template":"page-templates\/template-canvas.php","meta":{"footnotes":""},"class_list":["post-905","page","type-page","status-publish","hentry"],"_links":{"self":[{"href":"https:\/\/bbyt2018.atauni.edu.tr\/index.php\/wp-json\/wp\/v2\/pages\/905","targetHints":{"allow":["GET"]}}],"collection":[{"href":"https:\/\/bbyt2018.atauni.edu.tr\/index.php\/wp-json\/wp\/v2\/pages"}],"about":[{"href":"https:\/\/bbyt2018.atauni.edu.tr\/index.php\/wp-json\/wp\/v2\/types\/page"}],"author":[{"embeddable":true,"href":"https:\/\/bbyt2018.atauni.edu.tr\/index.php\/wp-json\/wp\/v2\/users\/1"}],"replies":[{"embeddable":true,"href":"https:\/\/bbyt2018.atauni.edu.tr\/index.php\/wp-json\/wp\/v2\/comments?post=905"}],"version-history":[{"count":10,"href":"https:\/\/bbyt2018.atauni.edu.tr\/index.php\/wp-json\/wp\/v2\/pages\/905\/revisions"}],"predecessor-version":[{"id":1849,"href":"https:\/\/bbyt2018.atauni.edu.tr\/index.php\/wp-json\/wp\/v2\/pages\/905\/revisions\/1849"}],"wp:attachment":[{"href":"https:\/\/bbyt2018.atauni.edu.tr\/index.php\/wp-json\/wp\/v2\/media?parent=905"}],"curies":[{"name":"wp","href":"https:\/\/api.w.org\/{rel}","templated":true}]}}