{"id":34,"date":"2016-12-14T09:24:44","date_gmt":"2016-12-14T09:24:44","guid":{"rendered":"http:\/\/localhost\/borrow\/?page_id=34"},"modified":"2018-04-05T11:01:35","modified_gmt":"2018-04-05T08:01:35","slug":"home-2","status":"publish","type":"page","link":"https:\/\/bbyt2018.atauni.edu.tr\/","title":{"rendered":"Anasayfa"},"content":{"rendered":"<p>[vc_row fullwidth=&#8221;yes&#8221; css=&#8221;.vc_custom_1520929965935{margin-top: 5px !important;}&#8221;][vc_column]    <div class=\"slider\" id=\"slider\">\n            <div class=\"student-slider-img\">\n        <img decoding=\"async\" src=\"https:\/\/bbyt2018.atauni.edu.tr\/wp-content\/uploads\/2018\/04\/Ba\u015fl\u0131ks\u0131z-1-1.png\" class=\"\" alt=\"\">\n        <div class=\"container\">\n          <div class=\"row\">\n            <div class=\"col-lg-6 col-md-12 col-sm-12 col-xs-12\">\n              <div class=\"slider-captions\">\n                <!-- slider-captions -->\n                                                              <\/div>\n              <!-- \/.slider-captions -->\n            <\/div>\n          <\/div>\n        <\/div>\n      <\/div>\n      \n            <div class=\"student-slider-img\">\n        <img decoding=\"async\" src=\"https:\/\/bbyt2018.atauni.edu.tr\/wp-content\/uploads\/2018\/03\/yem.png\" class=\"\" alt=\"\">\n        <div class=\"container\">\n          <div class=\"row\">\n            <div class=\"col-lg-6 col-md-12 col-sm-12 col-xs-12\">\n              <div class=\"slider-captions\">\n                <!-- slider-captions -->\n                                                              <\/div>\n              <!-- \/.slider-captions -->\n            <\/div>\n          <\/div>\n        <\/div>\n      <\/div>\n      \n            <div class=\"student-slider-img\">\n        <img decoding=\"async\" src=\"https:\/\/bbyt2018.atauni.edu.tr\/wp-content\/uploads\/2018\/03\/havuzlar_kayafdnresimler2-1.png\" class=\"\" alt=\"\">\n        <div class=\"container\">\n          <div class=\"row\">\n            <div class=\"col-lg-6 col-md-12 col-sm-12 col-xs-12\">\n              <div class=\"slider-captions\">\n                <!-- slider-captions -->\n                                                              <\/div>\n              <!-- \/.slider-captions -->\n            <\/div>\n          <\/div>\n        <\/div>\n      <\/div>\n      \n            <div class=\"student-slider-img\">\n        <img decoding=\"async\" src=\"https:\/\/bbyt2018.atauni.edu.tr\/wp-content\/uploads\/2018\/03\/s1.png\" class=\"\" alt=\"\">\n        <div class=\"container\">\n          <div class=\"row\">\n            <div class=\"col-lg-6 col-md-12 col-sm-12 col-xs-12\">\n              <div class=\"slider-captions\">\n                <!-- slider-captions -->\n                                                              <\/div>\n              <!-- \/.slider-captions -->\n            <\/div>\n          <\/div>\n        <\/div>\n      <\/div>\n      \n       \n    <\/div>\n    <script type=\"text\/javascript\">\n      (function($) {\n        $(document).on('ready', function() {\n            \"use strict\";\n              $(\"#slider\").owlCarousel({\n              navigation: true, \/\/ Show next and prev buttons\n              slideSpeed: 3000,\n              paginationSpeed: 400,\n              singleItem: true,\n              pagination: true,\n                            transitionStyle : 'fade',\n                            autoPlay: 5000,\n              navigationText: [\"<i class='fa fa-angle-left'><\/i>\", \"<i class='fa fa-angle-right'><\/i>\"],\n              addClassActive: true,\n             });\n        });\n        })(jQuery);\n    <\/script>\n  [\/vc_column][\/vc_row]<\/p>\n","protected":false},"excerpt":{"rendered":"<p>[vc_row fullwidth=&#8221;yes&#8221; css=&#8221;.vc_custom_1520929965935{margin-top: 5px !important;}&#8221;][vc_column][\/vc_column][\/vc_row]<\/p>\n","protected":false},"author":1,"featured_media":0,"parent":0,"menu_order":0,"comment_status":"closed","ping_status":"closed","template":"page-templates\/template-canvas.php","meta":{"footnotes":""},"class_list":["post-34","page","type-page","status-publish","hentry"],"_links":{"self":[{"href":"https:\/\/bbyt2018.atauni.edu.tr\/index.php\/wp-json\/wp\/v2\/pages\/34","targetHints":{"allow":["GET"]}}],"collection":[{"href":"https:\/\/bbyt2018.atauni.edu.tr\/index.php\/wp-json\/wp\/v2\/pages"}],"about":[{"href":"https:\/\/bbyt2018.atauni.edu.tr\/index.php\/wp-json\/wp\/v2\/types\/page"}],"author":[{"embeddable":true,"href":"https:\/\/bbyt2018.atauni.edu.tr\/index.php\/wp-json\/wp\/v2\/users\/1"}],"replies":[{"embeddable":true,"href":"https:\/\/bbyt2018.atauni.edu.tr\/index.php\/wp-json\/wp\/v2\/comments?post=34"}],"version-history":[{"count":32,"href":"https:\/\/bbyt2018.atauni.edu.tr\/index.php\/wp-json\/wp\/v2\/pages\/34\/revisions"}],"predecessor-version":[{"id":1920,"href":"https:\/\/bbyt2018.atauni.edu.tr\/index.php\/wp-json\/wp\/v2\/pages\/34\/revisions\/1920"}],"wp:attachment":[{"href":"https:\/\/bbyt2018.atauni.edu.tr\/index.php\/wp-json\/wp\/v2\/media?parent=34"}],"curies":[{"name":"wp","href":"https:\/\/api.w.org\/{rel}","templated":true}]}}