{"id":1944,"date":"2018-09-03T08:24:35","date_gmt":"2018-09-03T05:24:35","guid":{"rendered":"https:\/\/bbyt2018.atauni.edu.tr\/?page_id=1944"},"modified":"2018-09-04T18:36:03","modified_gmt":"2018-09-04T15:36:03","slug":"1944-2","status":"publish","type":"page","link":"https:\/\/bbyt2018.atauni.edu.tr\/index.php\/1944-2\/","title":{"rendered":"Program"},"content":{"rendered":"<p>[vc_row][vc_column width=&#8221;1\/6&#8243;][\/vc_column][vc_column width=&#8221;2\/3&#8243;][vc_empty_space][vc_column_text css=&#8221;.vc_custom_1535956151505{margin-right: 60px !important;}&#8221;]<\/p>\n<p style=\"text-align: center;\"><span style=\"color: #000000;\"><strong>V. BALIK BESLEME VE YEM TEKNOLOJ\u0130S\u0130 \u00c7ALI\u015eTAYI<\/strong><\/span><\/p>\n<p style=\"text-align: center;\"><span style=\"color: #000000;\"><strong>6 \u2013 7 Eyl\u00fcl 2018, Erzurum <\/strong><\/span><\/p>\n<p><span style=\"color: #000000;\"><strong>\u00a0\u00a0\u00a0\u00a0\u00a0\u00a0\u00a0\u00a0\u00a0\u00a0\u00a0\u00a0\u00a0\u00a0\u00a0\u00a0\u00a0\u00a0\u00a0\u00a0\u00a0\u00a0\u00a0\u00a0\u00a0\u00a0\u00a0\u00a0\u00a0\u00a0\u00a0\u00a0\u00a0\u00a0 \u00a0 \u00a0 \u00a0 \u00a0 \u00a0 \u00a0 \u00a0 \u00a0 \u00a0 \u00a0 \u00a0 \u00a0 \u00a0 \u00a0 \u00a0 \u00a0 \u00a0 \u00a0 \u00a0 \u00a0 \u00a0 \u00a0 \u00a0 \u00a0 \u00a0 \u00a0 \u00a0 \u00a0\u00a0\u00a0\u00a0\u00a0 \u00a0 PROGRAM<\/strong> <\/span>[\/vc_column_text][vc_single_image image=&#8221;2024&#8243; img_size=&#8221;large&#8221;][vc_single_image image=&#8221;2021&#8243; img_size=&#8221;large&#8221;][\/vc_column][vc_column width=&#8221;1\/6&#8243;][\/vc_column][\/vc_row]<\/p>\n","protected":false},"excerpt":{"rendered":"<p>[vc_row][vc_column width=&#8221;1\/6&#8243;][\/vc_column][vc_column width=&#8221;2\/3&#8243;][vc_empty_space][vc_column_text css=&#8221;.vc_custom_1535956151505{margin-right: 60px !important;}&#8221;] V. BALIK BESLEME VE YEM TEKNOLOJ\u0130S\u0130 \u00c7ALI\u015eTAYI 6 \u2013 7 Eyl\u00fcl 2018, Erzurum \u00a0\u00a0\u00a0\u00a0\u00a0\u00a0\u00a0\u00a0\u00a0\u00a0\u00a0\u00a0\u00a0\u00a0\u00a0\u00a0\u00a0\u00a0\u00a0\u00a0\u00a0\u00a0\u00a0\u00a0\u00a0\u00a0\u00a0\u00a0\u00a0\u00a0\u00a0\u00a0\u00a0\u00a0 \u00a0 \u00a0 \u00a0 \u00a0 \u00a0 \u00a0 \u00a0 \u00a0 \u00a0 \u00a0 \u00a0 \u00a0 \u00a0 \u00a0 \u00a0 \u00a0 \u00a0 \u00a0 \u00a0 \u00a0 \u00a0 \u00a0 \u00a0 \u00a0 \u00a0 \u00a0 \u00a0 \u00a0\u00a0\u00a0\u00a0\u00a0 \u00a0 PROGRAM [\/vc_column_text][vc_single_image image=&#8221;2024&#8243; img_size=&#8221;large&#8221;][vc_single_image image=&#8221;2021&#8243; img_size=&#8221;large&#8221;][\/vc_column][vc_column [&hellip;]<\/p>\n","protected":false},"author":1,"featured_media":0,"parent":0,"menu_order":0,"comment_status":"closed","ping_status":"closed","template":"page-templates\/template-canvas.php","meta":{"footnotes":""},"class_list":["post-1944","page","type-page","status-publish","hentry"],"_links":{"self":[{"href":"https:\/\/bbyt2018.atauni.edu.tr\/index.php\/wp-json\/wp\/v2\/pages\/1944","targetHints":{"allow":["GET"]}}],"collection":[{"href":"https:\/\/bbyt2018.atauni.edu.tr\/index.php\/wp-json\/wp\/v2\/pages"}],"about":[{"href":"https:\/\/bbyt2018.atauni.edu.tr\/index.php\/wp-json\/wp\/v2\/types\/page"}],"author":[{"embeddable":true,"href":"https:\/\/bbyt2018.atauni.edu.tr\/index.php\/wp-json\/wp\/v2\/users\/1"}],"replies":[{"embeddable":true,"href":"https:\/\/bbyt2018.atauni.edu.tr\/index.php\/wp-json\/wp\/v2\/comments?post=1944"}],"version-history":[{"count":7,"href":"https:\/\/bbyt2018.atauni.edu.tr\/index.php\/wp-json\/wp\/v2\/pages\/1944\/revisions"}],"predecessor-version":[{"id":2025,"href":"https:\/\/bbyt2018.atauni.edu.tr\/index.php\/wp-json\/wp\/v2\/pages\/1944\/revisions\/2025"}],"wp:attachment":[{"href":"https:\/\/bbyt2018.atauni.edu.tr\/index.php\/wp-json\/wp\/v2\/media?parent=1944"}],"curies":[{"name":"wp","href":"https:\/\/api.w.org\/{rel}","templated":true}]}}