{"id":1882,"date":"2018-04-03T14:57:38","date_gmt":"2018-04-03T11:57:38","guid":{"rendered":"https:\/\/bbyt2018.atauni.edu.tr\/?page_id=1882"},"modified":"2018-07-25T11:16:54","modified_gmt":"2018-07-25T08:16:54","slug":"duyurular","status":"publish","type":"page","link":"https:\/\/bbyt2018.atauni.edu.tr\/index.php\/duyurular\/","title":{"rendered":"duyurular"},"content":{"rendered":"<p>[vc_row][vc_column][vc_empty_space][vc_empty_space][vc_custom_heading text=&#8221;DUYURULAR&#8221; font_container=&#8221;tag:h2|text_align:left|color:%231e73be&#8221; google_fonts=&#8221;font_family:Montserrat%3Aregular%2C700|font_style:700%20bold%20regular%3A700%3Anormal&#8221;][\/vc_column][\/vc_row][vc_row][vc_column][vc_empty_space][\/vc_column][\/vc_row][vc_row][vc_column][vc_row_inner][vc_column_inner width=&#8221;5\/6&#8243;][vc_column_text]<\/p>\n<h4 style=\"text-align: justify; border-bottom-style:dotted\">\u00c7al\u0131\u015ftay kapsam\u0131nda sunulan se\u00e7ilmi\u015f makaleler Aquaculture Studies (<span id=\"OBJ_PREFIX_DWT47_com_zimbra_url\" class=\"Object\" role=\"link\"><a href=\"http:\/\/aquast.org\/\" target=\"_blank\" rel=\"noopener\">http:\/\/aquast.org\/<\/a><\/span>) dergisinde \u00f6zel say\u0131 olarak yay\u0131mlanacakt\u0131r.<\/h4>\n<p>[\/vc_column_text][vc_empty_space][vc_column_text]<\/p>\n<h4 style=\"text-align: justify; border-bottom-style: dotted;\">Bildiri \u00f6zetleri son g\u00f6nderim tarihi <span id=\"OBJ_PREFIX_DWT67_com_zimbra_date\" class=\"Object\" role=\"link\"><span id=\"OBJ_PREFIX_DWT71_com_zimbra_date\" class=\"Object\" role=\"link\"><span style=\"color: #ff0000;\">10 A\u011fustos 2018<\/span>&#8216;e kadar uzat\u0131lm\u0131\u015ft\u0131r<\/span><\/span><\/h4>\n<p>[\/vc_column_text][\/vc_column_inner][vc_column_inner width=&#8221;1\/6&#8243;][\/vc_column_inner][\/vc_row_inner][\/vc_column][\/vc_row][vc_row][vc_column][vc_empty_space height=&#8221;152px&#8221;][vc_empty_space height=&#8221;152px&#8221;][vc_empty_space height=&#8221;152px&#8221;][\/vc_column][\/vc_row]<\/p>\n","protected":false},"excerpt":{"rendered":"<p>[vc_row][vc_column][vc_empty_space][vc_empty_space][vc_custom_heading text=&#8221;DUYURULAR&#8221; font_container=&#8221;tag:h2|text_align:left|color:%231e73be&#8221; google_fonts=&#8221;font_family:Montserrat%3Aregular%2C700|font_style:700%20bold%20regular%3A700%3Anormal&#8221;][\/vc_column][\/vc_row][vc_row][vc_column][vc_empty_space][\/vc_column][\/vc_row][vc_row][vc_column][vc_row_inner][vc_column_inner width=&#8221;5\/6&#8243;][vc_column_text] \u00c7al\u0131\u015ftay kapsam\u0131nda sunulan se\u00e7ilmi\u015f makaleler Aquaculture Studies (http:\/\/aquast.org\/) dergisinde \u00f6zel say\u0131 olarak yay\u0131mlanacakt\u0131r. [\/vc_column_text][vc_empty_space][vc_column_text] Bildiri \u00f6zetleri son g\u00f6nderim tarihi 10 A\u011fustos 2018&#8216;e kadar uzat\u0131lm\u0131\u015ft\u0131r [\/vc_column_text][\/vc_column_inner][vc_column_inner width=&#8221;1\/6&#8243;][\/vc_column_inner][\/vc_row_inner][\/vc_column][\/vc_row][vc_row][vc_column][vc_empty_space height=&#8221;152px&#8221;][vc_empty_space height=&#8221;152px&#8221;][vc_empty_space height=&#8221;152px&#8221;][\/vc_column][\/vc_row]<\/p>\n","protected":false},"author":1,"featured_media":0,"parent":0,"menu_order":0,"comment_status":"closed","ping_status":"closed","template":"page-templates\/template-canvas.php","meta":{"footnotes":""},"class_list":["post-1882","page","type-page","status-publish","hentry"],"_links":{"self":[{"href":"https:\/\/bbyt2018.atauni.edu.tr\/index.php\/wp-json\/wp\/v2\/pages\/1882","targetHints":{"allow":["GET"]}}],"collection":[{"href":"https:\/\/bbyt2018.atauni.edu.tr\/index.php\/wp-json\/wp\/v2\/pages"}],"about":[{"href":"https:\/\/bbyt2018.atauni.edu.tr\/index.php\/wp-json\/wp\/v2\/types\/page"}],"author":[{"embeddable":true,"href":"https:\/\/bbyt2018.atauni.edu.tr\/index.php\/wp-json\/wp\/v2\/users\/1"}],"replies":[{"embeddable":true,"href":"https:\/\/bbyt2018.atauni.edu.tr\/index.php\/wp-json\/wp\/v2\/comments?post=1882"}],"version-history":[{"count":9,"href":"https:\/\/bbyt2018.atauni.edu.tr\/index.php\/wp-json\/wp\/v2\/pages\/1882\/revisions"}],"predecessor-version":[{"id":1924,"href":"https:\/\/bbyt2018.atauni.edu.tr\/index.php\/wp-json\/wp\/v2\/pages\/1882\/revisions\/1924"}],"wp:attachment":[{"href":"https:\/\/bbyt2018.atauni.edu.tr\/index.php\/wp-json\/wp\/v2\/media?parent=1882"}],"curies":[{"name":"wp","href":"https:\/\/api.w.org\/{rel}","templated":true}]}}