{"id":1846,"date":"2018-03-19T10:36:33","date_gmt":"2018-03-19T07:36:33","guid":{"rendered":"https:\/\/bbyt2018.atauni.edu.tr\/?page_id=1846"},"modified":"2018-04-04T16:20:27","modified_gmt":"2018-04-04T13:20:27","slug":"iletisim-2","status":"publish","type":"page","link":"https:\/\/bbyt2018.atauni.edu.tr\/index.php\/iletisim-2\/","title":{"rendered":"iletisim"},"content":{"rendered":"<p>[vc_row][vc_column][vc_empty_space][vc_empty_space][vc_empty_space][vc_empty_space][\/vc_column][\/vc_row][vc_row][vc_column width=&#8221;1\/3&#8243;][vc_column_text]<\/p>\n<div>\n<div>\n<div>\n<div>\n<h4><strong>Dr. \u00d6\u011fr. \u00dcyesi Arzu U\u00e7ar<\/strong><\/h4>\n<\/div>\n<h4><strong>Tel:\u00a0<a href=\"tel:(0442)%20231%2016%2014\" target=\"_blank\" rel=\"noopener\">0442-231-1614<\/a><\/strong><\/h4>\n<\/div>\n<h4><strong>Email:\u00a0<span id=\"OBJ_PREFIX_DWT45_ZmEmailObjectHandler\" role=\"link\"><a href=\"mailto:arzuucar@atauni.edu.tr\" target=\"_blank\" rel=\"noopener\">arzuucar@atauni.edu.tr<\/a><\/span>\u00a0<\/strong><br \/>\n<strong><span id=\"OBJ_PREFIX_DWT46_ZmEmailObjectHandler\" role=\"link\">\u00c7al\u0131\u015ftay Email:\u00a0<a href=\"mailto:bbyt2018@atauni.edu.tr\">bbyt2018@atauni.edu.tr<\/a><\/span><\/strong><\/h4>\n<\/div>\n<\/div>\n<h4><\/h4>\n<p>[\/vc_column_text][\/vc_column][vc_column width=&#8221;1\/3&#8243;][vc_column_text]<\/p>\n<div>\n<div>\n<div>\n<div>\n<div><\/div>\n<\/div>\n<\/div>\n<\/div>\n<div><\/div>\n<\/div>\n<div><\/div>\n<div><\/div>\n<div>\n<h4><strong>Dr. Veysel Parlak<\/strong><br \/>\n<strong>Tel:\u00a0<a href=\"tel:(0442)%20231%2016%2014\" target=\"_blank\" rel=\"noopener\">0442-231-2715<\/a>\u00a0<\/strong><br \/>\n<strong>Email:\u00a0<span id=\"OBJ_PREFIX_DWT47_ZmEmailObjectHandler\" class=\"Object\" role=\"link\"><a href=\"mailto:arzuucar@atauni.edu.tr\" target=\"_blank\" rel=\"noopener\">veysel.parlak@atauni.edu.tr\u00a0<\/a><\/span><\/strong><\/h4>\n<\/div>\n<h4 style=\"padding-bottom: -10px;\"><\/h4>\n<p>[\/vc_column_text][\/vc_column][vc_column width=&#8221;1\/3&#8243;][vc_column_text]<\/p>\n<div>\n<div>\n<div>\n<div>\n<div><\/div>\n<\/div>\n<\/div>\n<\/div>\n<\/div>\n<div>\n<h4><strong>Ar\u015f. G\u00f6r. Fatih Korkmaz<\/strong><\/h4>\n<\/div>\n<h4 style=\"padding-bottom: -10px;\"><strong>Tel:\u00a0<a href=\"tel:(0442)%20231%2016%2014\" target=\"_blank\" rel=\"noopener\">0442-231-1615<\/a>\u00a0<\/strong><br \/>\n<strong>Email:\u00a0<span id=\"OBJ_PREFIX_DWT49_ZmEmailObjectHandler\" class=\"Object\" role=\"link\"><a href=\"mailto:arzuucar@atauni.edu.tr\" target=\"_blank\" rel=\"noopener\">korkmazf@atauni.edu.tr\u00a0<\/a><\/span><\/strong><span id=\"OBJ_PREFIX_DWT50_ZmEmailObjectHandler\" class=\"Object\" role=\"link\"><\/span><\/h4>\n<p>[\/vc_column_text][\/vc_column][\/vc_row][vc_row][vc_column][vc_empty_space][vc_empty_space][vc_empty_space][vc_empty_space height=&#8221;120px&#8221;][vc_empty_space height=&#8221;100px&#8221;][vc_empty_space][vc_empty_space][\/vc_column][\/vc_row]<\/p>\n","protected":false},"excerpt":{"rendered":"<p>[vc_row][vc_column][vc_empty_space][vc_empty_space][vc_empty_space][vc_empty_space][\/vc_column][\/vc_row][vc_row][vc_column width=&#8221;1\/3&#8243;][vc_column_text] Dr. \u00d6\u011fr. \u00dcyesi Arzu U\u00e7ar Tel:\u00a00442-231-1614 Email:\u00a0arzuucar@atauni.edu.tr\u00a0 \u00c7al\u0131\u015ftay Email:\u00a0bbyt2018@atauni.edu.tr [\/vc_column_text][\/vc_column][vc_column width=&#8221;1\/3&#8243;][vc_column_text] Dr. Veysel Parlak Tel:\u00a00442-231-2715\u00a0 Email:\u00a0veysel.parlak@atauni.edu.tr\u00a0 [\/vc_column_text][\/vc_column][vc_column width=&#8221;1\/3&#8243;][vc_column_text] Ar\u015f. G\u00f6r. Fatih Korkmaz Tel:\u00a00442-231-1615\u00a0 Email:\u00a0korkmazf@atauni.edu.tr\u00a0 [\/vc_column_text][\/vc_column][\/vc_row][vc_row][vc_column][vc_empty_space][vc_empty_space][vc_empty_space][vc_empty_space height=&#8221;120px&#8221;][vc_empty_space height=&#8221;100px&#8221;][vc_empty_space][vc_empty_space][\/vc_column][\/vc_row]<\/p>\n","protected":false},"author":1,"featured_media":0,"parent":0,"menu_order":0,"comment_status":"closed","ping_status":"closed","template":"page-templates\/template-canvas.php","meta":{"footnotes":""},"class_list":["post-1846","page","type-page","status-publish","hentry"],"_links":{"self":[{"href":"https:\/\/bbyt2018.atauni.edu.tr\/index.php\/wp-json\/wp\/v2\/pages\/1846","targetHints":{"allow":["GET"]}}],"collection":[{"href":"https:\/\/bbyt2018.atauni.edu.tr\/index.php\/wp-json\/wp\/v2\/pages"}],"about":[{"href":"https:\/\/bbyt2018.atauni.edu.tr\/index.php\/wp-json\/wp\/v2\/types\/page"}],"author":[{"embeddable":true,"href":"https:\/\/bbyt2018.atauni.edu.tr\/index.php\/wp-json\/wp\/v2\/users\/1"}],"replies":[{"embeddable":true,"href":"https:\/\/bbyt2018.atauni.edu.tr\/index.php\/wp-json\/wp\/v2\/comments?post=1846"}],"version-history":[{"count":16,"href":"https:\/\/bbyt2018.atauni.edu.tr\/index.php\/wp-json\/wp\/v2\/pages\/1846\/revisions"}],"predecessor-version":[{"id":1912,"href":"https:\/\/bbyt2018.atauni.edu.tr\/index.php\/wp-json\/wp\/v2\/pages\/1846\/revisions\/1912"}],"wp:attachment":[{"href":"https:\/\/bbyt2018.atauni.edu.tr\/index.php\/wp-json\/wp\/v2\/media?parent=1846"}],"curies":[{"name":"wp","href":"https:\/\/api.w.org\/{rel}","templated":true}]}}