{"id":1831,"date":"2018-03-19T08:06:31","date_gmt":"2018-03-19T05:06:31","guid":{"rendered":"https:\/\/bbyt2018.atauni.edu.tr\/site\/?page_id=1831"},"modified":"2018-03-20T13:49:17","modified_gmt":"2018-03-20T10:49:17","slug":"konaklama","status":"publish","type":"page","link":"https:\/\/bbyt2018.atauni.edu.tr\/index.php\/konaklama\/","title":{"rendered":"Konaklama"},"content":{"rendered":"<p>[vc_row][vc_column][vc_empty_space height=&#8221;20px&#8221;][vc_single_image image=&#8221;1844&#8243; img_size=&#8221;large&#8221; alignment=&#8221;center&#8221; onclick=&#8221;custom_link&#8221; img_link_target=&#8221;_blank&#8221; link=&#8221;https:\/\/bbyt2018.atauni.edu.tr\/wp-content\/uploads\/2018\/03\/otel_bilgi.pdf&#8221;][\/vc_column][\/vc_row][vc_row][vc_column width=&#8221;1\/6&#8243;][\/vc_column][vc_column width=&#8221;2\/3&#8243;][vc_column_text]<\/p>\n<h4 style=\"font-weight: 400; text-align: justify;\"><strong>\u00c7al\u0131\u015ftay\u0131m\u0131z Atat\u00fcrk \u00dcniversitesi Turizm Fak\u00fcltesi Uygulama Otelinde ger\u00e7ekle\u015ftirilecektir. Kat\u0131l\u0131m\u0131clar konaklama i\u015flemlerini kendileri yapacaklard\u0131r. Rezervasyonlar\u0131n\u0131z i\u00e7in l\u00fctfen ileti\u015fime ge\u00e7iniz:<\/strong><\/h4>\n<h4 style=\"font-weight: 400;\"><strong>Telefon:\u00a0 \u00a0\u00a0<a href=\"callto:0442 344 7494\">0442 344 7494<\/a><\/strong><\/h4>\n<h4 style=\"font-weight: 400;\"><strong>Fax:\u00a0 \u00a0 \u00a0 \u00a0 \u00a0 \u00a0 \u00a0 \u00a0<a href=\"callto:0442 231 5348\">0442 231 5348<\/a><\/strong><\/h4>\n<p>[\/vc_column_text][\/vc_column][vc_column width=&#8221;1\/6&#8243;][\/vc_column][\/vc_row]<\/p>\n","protected":false},"excerpt":{"rendered":"<p>[vc_row][vc_column][vc_empty_space height=&#8221;20px&#8221;][vc_single_image image=&#8221;1844&#8243; img_size=&#8221;large&#8221; alignment=&#8221;center&#8221; onclick=&#8221;custom_link&#8221; img_link_target=&#8221;_blank&#8221; link=&#8221;https:\/\/bbyt2018.atauni.edu.tr\/wp-content\/uploads\/2018\/03\/otel_bilgi.pdf&#8221;][\/vc_column][\/vc_row][vc_row][vc_column width=&#8221;1\/6&#8243;][\/vc_column][vc_column width=&#8221;2\/3&#8243;][vc_column_text] \u00c7al\u0131\u015ftay\u0131m\u0131z Atat\u00fcrk \u00dcniversitesi Turizm Fak\u00fcltesi Uygulama Otelinde ger\u00e7ekle\u015ftirilecektir. Kat\u0131l\u0131m\u0131clar konaklama i\u015flemlerini kendileri yapacaklard\u0131r. Rezervasyonlar\u0131n\u0131z i\u00e7in l\u00fctfen ileti\u015fime ge\u00e7iniz: Telefon:\u00a0 \u00a0\u00a00442 344 7494 Fax:\u00a0 \u00a0 \u00a0 \u00a0 \u00a0 \u00a0 \u00a0 \u00a00442 231 5348 [\/vc_column_text][\/vc_column][vc_column width=&#8221;1\/6&#8243;][\/vc_column][\/vc_row]<\/p>\n","protected":false},"author":1,"featured_media":0,"parent":0,"menu_order":0,"comment_status":"closed","ping_status":"closed","template":"page-templates\/template-canvas.php","meta":{"footnotes":""},"class_list":["post-1831","page","type-page","status-publish","hentry"],"_links":{"self":[{"href":"https:\/\/bbyt2018.atauni.edu.tr\/index.php\/wp-json\/wp\/v2\/pages\/1831","targetHints":{"allow":["GET"]}}],"collection":[{"href":"https:\/\/bbyt2018.atauni.edu.tr\/index.php\/wp-json\/wp\/v2\/pages"}],"about":[{"href":"https:\/\/bbyt2018.atauni.edu.tr\/index.php\/wp-json\/wp\/v2\/types\/page"}],"author":[{"embeddable":true,"href":"https:\/\/bbyt2018.atauni.edu.tr\/index.php\/wp-json\/wp\/v2\/users\/1"}],"replies":[{"embeddable":true,"href":"https:\/\/bbyt2018.atauni.edu.tr\/index.php\/wp-json\/wp\/v2\/comments?post=1831"}],"version-history":[{"count":17,"href":"https:\/\/bbyt2018.atauni.edu.tr\/index.php\/wp-json\/wp\/v2\/pages\/1831\/revisions"}],"predecessor-version":[{"id":1865,"href":"https:\/\/bbyt2018.atauni.edu.tr\/index.php\/wp-json\/wp\/v2\/pages\/1831\/revisions\/1865"}],"wp:attachment":[{"href":"https:\/\/bbyt2018.atauni.edu.tr\/index.php\/wp-json\/wp\/v2\/media?parent=1831"}],"curies":[{"name":"wp","href":"https:\/\/api.w.org\/{rel}","templated":true}]}}