{"id":1827,"date":"2018-03-19T08:04:57","date_gmt":"2018-03-19T05:04:57","guid":{"rendered":"https:\/\/bbyt2018.atauni.edu.tr\/site\/?page_id=1827"},"modified":"2018-04-04T16:21:26","modified_gmt":"2018-04-04T13:21:26","slug":"kurullar","status":"publish","type":"page","link":"https:\/\/bbyt2018.atauni.edu.tr\/index.php\/kurullar\/","title":{"rendered":"Kurullar"},"content":{"rendered":"<p>[vc_row][vc_column][\/vc_column][\/vc_row][vc_row][vc_column width=&#8221;5\/6&#8243;][vc_column_text]&nbsp;<\/p>\n<p>&nbsp;<\/p>\n<table style=\"height: 1738px;\" width=\"887\">\n<tbody>\n<tr>\n<td width=\"302\"><strong>Onursal Ba\u015fkan<\/strong><\/td>\n<td width=\"340\"><strong>\u00a0<\/strong><\/td>\n<\/tr>\n<tr>\n<td width=\"302\">Prof. Dr. \u00d6mer \u00c7OMAKLI<\/td>\n<td width=\"340\">Atat\u00fcrk \u00dcniversitesi Rekt\u00f6r\u00fc<\/td>\n<\/tr>\n<tr>\n<td width=\"302\"><strong>D\u00fczenleme Kurulu<\/strong><\/td>\n<td width=\"340\"><strong>\u00a0<\/strong><\/td>\n<\/tr>\n<tr>\n<td width=\"302\">Prof. Dr. Murat ARSLAN (Ba\u015fkan)<\/td>\n<td width=\"340\">Atat\u00fcrk \u00dcniversitesi<\/td>\n<\/tr>\n<tr>\n<td width=\"302\">Prof. Dr. Mustafa YILDIZ<\/td>\n<td width=\"340\">\u0130stanbul\u00a0\u00dcniversitesi<\/td>\n<\/tr>\n<tr>\n<td width=\"302\">Prof. Dr. \u0130brahim D\u0130LER<\/td>\n<td width=\"340\">S\u00fcleyman Demirel \u00dcniversitesi<\/td>\n<\/tr>\n<tr>\n<td width=\"302\">Prof. Dr. Orhan Tufan EROLDO\u011eAN<\/td>\n<td width=\"340\">\u00c7ukurova \u00dcniversitesi<\/td>\n<\/tr>\n<tr>\n<td width=\"302\">Do\u00e7. Dr. Derya G\u00dcROY<\/td>\n<td width=\"340\">Yalova \u00dcniversitesi<\/td>\n<\/tr>\n<tr>\n<td width=\"302\">Do\u00e7. Dr. Kenan ENG\u0130N<\/td>\n<td width=\"340\">Mersin \u00dcniversitesi<\/td>\n<\/tr>\n<tr>\n<td width=\"302\">Do\u00e7. Dr. \u0130lhan AYDIN<\/td>\n<td width=\"340\">Su \u00dcr\u00fcnleri Merkez Ara\u015ft\u0131rma Enstit\u00fcs\u00fc<\/td>\n<\/tr>\n<tr>\n<td width=\"302\"><strong>Bilim Kurulu<\/strong><\/td>\n<td width=\"340\"><strong>\u00a0<\/strong><\/td>\n<\/tr>\n<tr>\n<td width=\"302\">Prof. Dr. C\u00fcneyt S\u00dcZER<\/td>\n<td width=\"340\">Ege \u00dcniversitesi<\/td>\n<\/tr>\n<tr>\n<td width=\"302\">Prof. Dr. Deniz \u00c7OBAN<\/td>\n<td width=\"340\">Adnan Menderes \u00dcniversitesi<\/td>\n<\/tr>\n<tr>\n<td width=\"302\">Prof. Dr. Erkan G\u00dcM\u00dc\u015e<\/td>\n<td width=\"340\">Akdeniz \u00dcniversitesi<\/td>\n<\/tr>\n<tr>\n<td width=\"302\">Prof. Dr. \u0130brahim D\u0130LER<\/td>\n<td width=\"340\">S\u00fcleyman Demirel \u00dcniversitesi<\/td>\n<\/tr>\n<tr>\n<td width=\"302\">Prof. Dr. Kenan G\u00dcLL\u00dc<\/td>\n<td width=\"340\">Mu\u011fla \u00dcniversitesi<\/td>\n<\/tr>\n<tr>\n<td width=\"302\">Prof. Dr. Kenan K\u00d6PR\u00dcC\u00dc<\/td>\n<td width=\"340\">F\u0131rat \u00dcniversitesi<\/td>\n<\/tr>\n<tr>\n<td width=\"302\">Prof. Dr. Metin KUMLU<\/td>\n<td width=\"340\">\u00c7ukurova \u00dcniversitesi<\/td>\n<\/tr>\n<tr>\n<td width=\"302\">Prof. Dr. Murat ARSLAN<\/td>\n<td width=\"340\">Atat\u00fcrk \u00dcniversitesi<\/td>\n<\/tr>\n<tr>\n<td width=\"302\">Prof. Dr. Murat Y\u0130\u011e\u0130T<\/td>\n<td width=\"340\">\u00c7anakkale Onsekiz Mart \u00dcniversitesi<\/td>\n<\/tr>\n<tr>\n<td width=\"302\">Prof. Dr. Mustafa YILDIZ<\/td>\n<td width=\"340\">\u0130stanbul\u00a0\u00dcniversitesi<\/td>\n<\/tr>\n<tr>\n<td width=\"302\">Prof. Dr. Muzaffer HARLIO\u011eLU<\/td>\n<td width=\"340\">F\u0131rat \u00dcniversitesi<\/td>\n<\/tr>\n<tr>\n<td width=\"302\">Prof. Dr. Nadir BA\u015e\u00c7INAR<\/td>\n<td width=\"340\">Karadeniz Teknik \u00dcniversitesi<\/td>\n<\/tr>\n<tr>\n<td width=\"302\">Prof. Dr. Orhan Tufan EROLDO\u011eAN<\/td>\n<td width=\"340\">\u00c7ukurova \u00dcniversitesi<\/td>\n<\/tr>\n<tr>\n<td width=\"302\">Prof. Dr. Osman \u00c7ET\u0130NKAYA<\/td>\n<td width=\"340\">S\u00fcleyman Demirel \u00dcniversitesi<\/td>\n<\/tr>\n<tr>\n<td width=\"302\">Prof. Dr. \u00d6nder YILDIRIM<\/td>\n<td width=\"340\">Mu\u011fla \u00dcniversitesi<\/td>\n<\/tr>\n<tr>\n<td width=\"302\">Prof. Dr. Sebahattin ERG\u00dcN<\/td>\n<td width=\"340\">\u00c7anakkale Onsekiz Mart \u00dcniversitesi<\/td>\n<\/tr>\n<tr>\n<td width=\"302\">Prof. Dr. Serap USTAO\u011eLU TIRIL<\/td>\n<td width=\"340\">Sinop \u00dcniversitesi<\/td>\n<\/tr>\n<tr>\n<td width=\"302\">Prof. Dr. Telat YANIK<\/td>\n<td width=\"340\">Atat\u00fcrk \u00dcniversitesi<\/td>\n<\/tr>\n<tr>\n<td width=\"302\">Do\u00e7. Dr. Ali Y\u0131ld\u0131r\u0131m KORKUT<\/td>\n<td width=\"340\">Ege \u00dcniversitesi<\/td>\n<\/tr>\n<tr>\n<td width=\"302\">Do\u00e7. Dr. Aysun KOP<\/td>\n<td width=\"340\">Ege \u00dcniversitesi<\/td>\n<\/tr>\n<tr>\n<td width=\"302\">Do\u00e7. Dr. Bet\u00fcl G\u00dcROY<\/td>\n<td width=\"340\">Yalova \u00dcniversitesi<\/td>\n<\/tr>\n<tr>\n<td width=\"302\">Do\u00e7. Dr. Derya G\u00dcROY<\/td>\n<td width=\"340\">Yalova \u00dcniversitesi<\/td>\n<\/tr>\n<tr>\n<td width=\"302\">Do\u00e7. Dr. H\u00fcseyin SEVG\u0130L\u0130<\/td>\n<td width=\"340\">Akdeniz Su \u00dcr\u00fcnleri Ara\u015ft\u0131rma, \u00dcretme ve E\u011fitim Enstit\u00fcs\u00fc<\/td>\n<\/tr>\n<tr>\n<td width=\"302\">Do\u00e7. Dr. \u0130lhan AYDIN<\/td>\n<td width=\"340\">Su \u00dcr\u00fcnleri Merkez Ara\u015ft\u0131rma Enstit\u00fcs\u00fc<\/td>\n<\/tr>\n<tr>\n<td width=\"302\">Do\u00e7. Dr. Kenan ENG\u0130N<\/td>\n<td width=\"340\">Mersin \u00dcniversitesi<\/td>\n<\/tr>\n<tr>\n<td width=\"302\">Do\u00e7. Dr. Nalan \u00d6zg\u00fcr Y\u0130\u011e\u0130T<\/td>\n<td width=\"340\">S\u00fcleyman Demirel \u00dcniversitesi<\/td>\n<\/tr>\n<tr>\n<td width=\"302\">Do\u00e7. Dr. O\u011fuz TA\u015eBOZAN<\/td>\n<td width=\"340\">\u00c7ukurova \u00dcniversitesi<\/td>\n<\/tr>\n<tr>\n<td width=\"302\">Dr. Ercan K\u00dc\u00c7\u00dcK<\/td>\n<td width=\"340\">\u00a0Su \u00dcr\u00fcnleri Merkez Ara\u015ft\u0131rma Enstit\u00fcs\u00fc<\/td>\n<\/tr>\n<tr>\n<td width=\"302\"><strong>Yerel D\u00fczenleme Kurulu<\/strong><\/td>\n<td width=\"340\"><strong>\u00a0<\/strong><\/td>\n<\/tr>\n<tr>\n<td width=\"302\">Prof. Dr. Murat ARSLAN<\/td>\n<td width=\"340\">Atat\u00fcrk \u00dcniversitesi<\/td>\n<\/tr>\n<tr>\n<td width=\"302\">Prof. Dr. Telat YANIK<\/td>\n<td width=\"340\">Atat\u00fcrk \u00dcniversitesi<\/td>\n<\/tr>\n<tr>\n<td width=\"302\">Prof. Dr. Muhammed ATAMANALP<\/td>\n<td width=\"340\">Atat\u00fcrk \u00dcniversitesi<\/td>\n<\/tr>\n<tr>\n<td width=\"302\">Prof. Dr. Saltuk B. CEYHUN<\/td>\n<td width=\"340\">Atat\u00fcrk \u00dcniversitesi<\/td>\n<\/tr>\n<tr>\n<td width=\"302\">Do\u00e7. Dr. Abd\u00fclkadir BAYIR<\/td>\n<td width=\"340\">Atat\u00fcrk \u00dcniversitesi<\/td>\n<\/tr>\n<tr>\n<td width=\"302\">Do\u00e7. Dr. Gonca ALAK<\/td>\n<td width=\"340\">Atat\u00fcrk \u00dcniversitesi<\/td>\n<\/tr>\n<tr>\n<td width=\"302\">Do\u00e7. Dr. Ahmet TOPAL<\/td>\n<td width=\"340\">Atat\u00fcrk \u00dcniversitesi<\/td>\n<\/tr>\n<tr>\n<td width=\"302\">Dr. \u00d6\u011fr. \u00dcyesi E. Mahmut KOCAMAN<\/td>\n<td width=\"340\">Atat\u00fcrk \u00dcniversitesi<\/td>\n<\/tr>\n<tr>\n<td width=\"302\">Dr. \u00d6\u011fr. \u00dcyesi Arzu U\u00c7AR<\/td>\n<td width=\"340\">Atat\u00fcrk \u00dcniversitesi<\/td>\n<\/tr>\n<tr>\n<td width=\"302\">Dr. \u00d6\u011fr. \u00dcyesi \u00d6zden FAKIO\u011eLU<\/td>\n<td width=\"340\">Atat\u00fcrk \u00dcniversitesi<\/td>\n<\/tr>\n<tr>\n<td width=\"302\">Dr. \u00d6\u011fr. \u00dcyesi Harun ARSLAN<\/td>\n<td width=\"340\">Atat\u00fcrk \u00dcniversitesi<\/td>\n<\/tr>\n<tr>\n<td width=\"302\">Dr. Veysel PARLAK<\/td>\n<td width=\"340\">Atat\u00fcrk \u00dcniversitesi<\/td>\n<\/tr>\n<tr>\n<td width=\"302\">Ar\u015f. G\u00f6r. Fatih KORKMAZ<\/td>\n<td width=\"340\">Atat\u00fcrk \u00dcniversitesi<\/td>\n<\/tr>\n<tr>\n<td width=\"302\">Y\u00fcksek M\u00fch. \u015eeyda TACER<\/td>\n<td width=\"340\">Atat\u00fcrk \u00dcniversitesi<\/td>\n<\/tr>\n<\/tbody>\n<\/table>\n<p>[\/vc_column_text][\/vc_column][vc_column width=&#8221;1\/6&#8243;][\/vc_column][\/vc_row]<\/p>\n","protected":false},"excerpt":{"rendered":"<p>[vc_row][vc_column][\/vc_column][\/vc_row][vc_row][vc_column width=&#8221;5\/6&#8243;][vc_column_text]&nbsp; &nbsp; Onursal Ba\u015fkan \u00a0 Prof. Dr. \u00d6mer \u00c7OMAKLI Atat\u00fcrk \u00dcniversitesi Rekt\u00f6r\u00fc D\u00fczenleme Kurulu \u00a0 Prof. Dr. Murat ARSLAN (Ba\u015fkan) Atat\u00fcrk \u00dcniversitesi Prof. Dr. Mustafa YILDIZ \u0130stanbul\u00a0\u00dcniversitesi Prof. Dr. \u0130brahim D\u0130LER S\u00fcleyman Demirel \u00dcniversitesi Prof. Dr. Orhan Tufan EROLDO\u011eAN \u00c7ukurova \u00dcniversitesi Do\u00e7. Dr. Derya G\u00dcROY Yalova \u00dcniversitesi Do\u00e7. Dr. Kenan ENG\u0130N Mersin \u00dcniversitesi Do\u00e7. [&hellip;]<\/p>\n","protected":false},"author":1,"featured_media":0,"parent":0,"menu_order":0,"comment_status":"closed","ping_status":"closed","template":"page-templates\/template-canvas.php","meta":{"footnotes":""},"class_list":["post-1827","page","type-page","status-publish","hentry"],"_links":{"self":[{"href":"https:\/\/bbyt2018.atauni.edu.tr\/index.php\/wp-json\/wp\/v2\/pages\/1827","targetHints":{"allow":["GET"]}}],"collection":[{"href":"https:\/\/bbyt2018.atauni.edu.tr\/index.php\/wp-json\/wp\/v2\/pages"}],"about":[{"href":"https:\/\/bbyt2018.atauni.edu.tr\/index.php\/wp-json\/wp\/v2\/types\/page"}],"author":[{"embeddable":true,"href":"https:\/\/bbyt2018.atauni.edu.tr\/index.php\/wp-json\/wp\/v2\/users\/1"}],"replies":[{"embeddable":true,"href":"https:\/\/bbyt2018.atauni.edu.tr\/index.php\/wp-json\/wp\/v2\/comments?post=1827"}],"version-history":[{"count":9,"href":"https:\/\/bbyt2018.atauni.edu.tr\/index.php\/wp-json\/wp\/v2\/pages\/1827\/revisions"}],"predecessor-version":[{"id":1913,"href":"https:\/\/bbyt2018.atauni.edu.tr\/index.php\/wp-json\/wp\/v2\/pages\/1827\/revisions\/1913"}],"wp:attachment":[{"href":"https:\/\/bbyt2018.atauni.edu.tr\/index.php\/wp-json\/wp\/v2\/media?parent=1827"}],"curies":[{"name":"wp","href":"https:\/\/api.w.org\/{rel}","templated":true}]}}