{"id":1683,"date":"2018-03-12T11:15:51","date_gmt":"2018-03-12T08:15:51","guid":{"rendered":"https:\/\/bbyt2018.atauni.edu.tr\/site\/?page_id=1683"},"modified":"2018-03-13T08:20:16","modified_gmt":"2018-03-13T05:20:16","slug":"calistay-hakkinda","status":"publish","type":"page","link":"https:\/\/bbyt2018.atauni.edu.tr\/index.php\/calistay-hakkinda\/","title":{"rendered":"\u00c7al\u0131\u015ftay hakk\u0131nda"},"content":{"rendered":"<p>[vc_row css=&#8221;.vc_custom_1520842824094{background-color: #ffffff !important;}&#8221;][vc_column width=&#8221;1\/2&#8243; css=&#8221;.vc_custom_1520918415291{margin-top: 10px !important;background-color: #ffffff !important;}&#8221;][vc_empty_space height=&#8221;50px&#8221;][vc_custom_heading text=&#8221;De\u011ferli Payda\u015flar \/ Kat\u0131l\u0131mc\u0131lar:&#8221; google_fonts=&#8221;font_family:Comfortaa%3A300%2Cregular%2C700|font_style:700%20bold%20regular%3A700%3Anormal&#8221;][vc_column_text]<\/p>\n<p style=\"text-align: justify;\">D\u00fcnya n\u00fcfusunun 2050 y\u0131l\u0131nda 10 milyar olaca\u011f\u0131 d\u00fc\u015f\u00fcn\u00fcld\u00fc\u011f\u00fcnde bu kadar n\u00fcfusu besleyebilmek i\u00e7in, \u015fu an sahip oldu\u011fumuz g\u0131da miktar\u0131n\u0131 %60 oran\u0131nda artt\u0131rmam\u0131z gerekti\u011fi, bilim camias\u0131 taraf\u0131ndan d\u00fc\u015f\u00fcn\u00fclmesi gereken \u00f6ncelikli konular aras\u0131ndad\u0131r. \u00a0Su \u00fcr\u00fcnleri yeti\u015ftiricilik sekt\u00f6r\u00fc bu art\u0131\u015f\u0131n sa\u011flanabilmesinde en b\u00fcy\u00fck katk\u0131y\u0131 yapabilecek sekt\u00f6rlerin ba\u015f\u0131nda gelmektedir. Uzun y\u0131llardan beri gerek d\u00fcnyada gerekse \u00fclkemizde su \u00fcr\u00fcnleri yeti\u015ftiricili\u011finin en h\u0131zl\u0131 b\u00fcy\u00fcyen g\u0131da \u00fcretim sekt\u00f6r\u00fc olmas\u0131 da bunu a\u00e7\u0131k\u00e7a g\u00f6stermektedir. Su \u00dcr\u00fcnleri\/bal\u0131k, hayvansal protein ihtiyac\u0131n\u0131n kar\u015f\u0131lanmas\u0131nda gelecek vadetmekle kalmay\u0131p, fonksiyonel bir g\u0131da olarak zengin uzun zincirli \u00e7oklu doymam\u0131\u015f omega-3 ya\u011f asitleri i\u00e7eri\u011fi sayesinde koroner kalp rahats\u0131zl\u0131klar\u0131 ve sinir sistemine dayal\u0131 hastal\u0131klar ba\u015fta olmak \u00fczere bir\u00e7ok sa\u011fl\u0131k probleminden korunmak\u00a0i\u00e7in ihtiya\u00e7 duyulan bir kaynakt\u0131r.<\/p>\n<p style=\"text-align: justify;\">\u00dclkemizde h\u0131zla b\u00fcy\u00fcmeye devam eden su \u00fcr\u00fcnleri yeti\u015ftiricili\u011fi sekt\u00f6r\u00fc mevcut potansiyelimizin hen\u00fcz \u00e7ok az bir k\u0131sm\u0131n\u0131 kullanm\u0131\u015f\/kullanmakta olup, bu alanda hala katetilecek \u00e7ok \u00f6nemli bir mesafenin oldu\u011fu a\u00e7\u0131kt\u0131r. \u00dclkemiz su \u00fcr\u00fcnleri sekt\u00f6r\u00fc i\u00e7 t\u00fcketime hitap etmesinin yan\u0131nda, uluslararas\u0131 alanda da y\u00fcksek talep g\u00f6ren \u00e7ok \u00f6nemli bir ihracat kayna\u011f\u0131 olarak gelecek vadetmektedir.<\/p>\n<p style=\"text-align: justify;\">Su \u00fcr\u00fcnleri yeti\u015ftiricili\u011fi sekt\u00f6r\u00fcndeki geli\u015fmeler kaliteli ve s\u00fcrd\u00fcr\u00fclebilir yem ihtiyac\u0131n\u0131 da beraberinde getirmi\u015ftir ve getirmeye devam edecektir. Sekt\u00f6rdeki h\u0131zl\u0131 b\u00fcy\u00fcme, kar\u015f\u0131la\u015f\u0131lan sorunlar\u0131n \u00e7\u00f6z\u00fcm\u00fc i\u00e7in bilimsel ara\u015ft\u0131rmalar\u0131n \u00f6nemini net bir \u015fekilde ortaya \u00e7\u0131karm\u0131\u015f ve netice itibar\u0131 ile ara\u015ft\u0131rmac\u0131lar ile sekt\u00f6r temsilcilerinin i\u015fbirli\u011fi i\u00e7erisinde \u00e7al\u0131\u015fmas\u0131n\u0131n ne kadar \u00f6nemli oldu\u011funu g\u00f6stermi\u015ftir. Bal\u0131k Besleme ve Yem Teknolojisi \u00c7al\u0131\u015ftay\u0131 \u00fclkemizde her iki y\u0131lda bir d\u00fczenlenmekte olup, \u00a06-7 Eyl\u00fcl 2018 tarihlerinde Atat\u00fcrk \u00dcniversitesi, Su \u00dcr\u00fcnleri Fak\u00fcltesinin ev sahipli\u011finde Erzurum\u2019da be\u015finci kez yap\u0131lacakt\u0131r.<\/p>\n<p style=\"text-align: justify;\">\u201cV. Bal\u0131k Besleme ve Yem Teknolojisi \u00c7al\u0131\u015ftay\u0131\u201d d\u00fczenleme komitesi olarak amac\u0131m\u0131z yeti\u015ftiricilik sekt\u00f6r\u00fc, yem sekt\u00f6r\u00fc, devletimizin ilgili b\u00fcrokratlar\u0131 ile su \u00fcr\u00fcnleri fak\u00fclteleri ve su \u00fcr\u00fcnleri ara\u015ft\u0131rma enstit\u00fclerinden ilgili ara\u015ft\u0131rmac\u0131lar\u0131 bir araya getirmektir. Bu sayede \u00dclkemiz Su \u00dcr\u00fcnleri sekt\u00f6r\u00fcn\u00fcn bal\u0131k besleme ve yem teknolojisi a\u00e7\u0131s\u0131ndan mevcut durumu, sorunlar\u0131 ve \u00e7\u00f6z\u00fcm \u00f6nerileri ortaya konacakt\u0131r. B\u00fct\u00fcn taraflar\u0131n birbirinden beklentileri detayl\u0131 bir \u015fekilde tart\u0131\u015f\u0131l\u0131p analiz edildikten sonra at\u0131lacak ad\u0131mlar somut bir \u015fekilde rapor haline getirilecek ve ilgili kurum\/kurulu\u015flara ula\u015ft\u0131r\u0131lacakt\u0131r.<\/p>\n<p style=\"text-align: justify;\">D\u00fczenleme komitesi ad\u0131na hepinizi \u201cV. Bal\u0131k Besleme ve Yem Teknolojisi \u00c7al\u0131\u015ftay\u0131\u201d i\u00e7in Erzurum\u2019da g\u00f6rmekten b\u00fcy\u00fck bir mutluluk ve onur duyaca\u011f\u0131m\u0131 bildirir sayg\u0131lar sunar\u0131m.<\/p>\n<h4 style=\"text-align: left;\">Prof. Dr. Murat Arslan<\/h4>\n<p>[\/vc_column_text][\/vc_column][vc_column width=&#8221;1\/2&#8243;][vc_empty_space height=&#8221;50px&#8221;][vc_empty_space height=&#8221;50px&#8221;][vc_empty_space height=&#8221;50px&#8221;][vc_single_image image=&#8221;1639&#8243; img_size=&#8221;600&#215;800&#8243;][\/vc_column][\/vc_row]<\/p>\n","protected":false},"excerpt":{"rendered":"<p>[vc_row css=&#8221;.vc_custom_1520842824094{background-color: #ffffff !important;}&#8221;][vc_column width=&#8221;1\/2&#8243; css=&#8221;.vc_custom_1520918415291{margin-top: 10px !important;background-color: #ffffff !important;}&#8221;][vc_empty_space height=&#8221;50px&#8221;][vc_custom_heading text=&#8221;De\u011ferli Payda\u015flar \/ Kat\u0131l\u0131mc\u0131lar:&#8221; google_fonts=&#8221;font_family:Comfortaa%3A300%2Cregular%2C700|font_style:700%20bold%20regular%3A700%3Anormal&#8221;][vc_column_text] D\u00fcnya n\u00fcfusunun 2050 y\u0131l\u0131nda 10 milyar olaca\u011f\u0131 d\u00fc\u015f\u00fcn\u00fcld\u00fc\u011f\u00fcnde bu kadar n\u00fcfusu besleyebilmek i\u00e7in, \u015fu an sahip oldu\u011fumuz g\u0131da miktar\u0131n\u0131 %60 oran\u0131nda artt\u0131rmam\u0131z gerekti\u011fi, bilim camias\u0131 taraf\u0131ndan d\u00fc\u015f\u00fcn\u00fclmesi gereken \u00f6ncelikli konular aras\u0131ndad\u0131r. \u00a0Su \u00fcr\u00fcnleri yeti\u015ftiricilik sekt\u00f6r\u00fc bu art\u0131\u015f\u0131n sa\u011flanabilmesinde en [&hellip;]<\/p>\n","protected":false},"author":1,"featured_media":0,"parent":0,"menu_order":0,"comment_status":"closed","ping_status":"closed","template":"page-templates\/template-canvas.php","meta":{"footnotes":""},"class_list":["post-1683","page","type-page","status-publish","hentry"],"_links":{"self":[{"href":"https:\/\/bbyt2018.atauni.edu.tr\/index.php\/wp-json\/wp\/v2\/pages\/1683","targetHints":{"allow":["GET"]}}],"collection":[{"href":"https:\/\/bbyt2018.atauni.edu.tr\/index.php\/wp-json\/wp\/v2\/pages"}],"about":[{"href":"https:\/\/bbyt2018.atauni.edu.tr\/index.php\/wp-json\/wp\/v2\/types\/page"}],"author":[{"embeddable":true,"href":"https:\/\/bbyt2018.atauni.edu.tr\/index.php\/wp-json\/wp\/v2\/users\/1"}],"replies":[{"embeddable":true,"href":"https:\/\/bbyt2018.atauni.edu.tr\/index.php\/wp-json\/wp\/v2\/comments?post=1683"}],"version-history":[{"count":6,"href":"https:\/\/bbyt2018.atauni.edu.tr\/index.php\/wp-json\/wp\/v2\/pages\/1683\/revisions"}],"predecessor-version":[{"id":1693,"href":"https:\/\/bbyt2018.atauni.edu.tr\/index.php\/wp-json\/wp\/v2\/pages\/1683\/revisions\/1693"}],"wp:attachment":[{"href":"https:\/\/bbyt2018.atauni.edu.tr\/index.php\/wp-json\/wp\/v2\/media?parent=1683"}],"curies":[{"name":"wp","href":"https:\/\/api.w.org\/{rel}","templated":true}]}}